{"id":186,"date":"2024-09-09T15:39:36","date_gmt":"2024-09-09T13:39:36","guid":{"rendered":"https:\/\/fitness-dance.fr\/?page_id=186"},"modified":"2024-09-20T23:29:46","modified_gmt":"2024-09-20T21:29:46","slug":"circl-mobility","status":"publish","type":"page","link":"https:\/\/fitness-dance.fr\/index.php\/circl-mobility\/","title":{"rendered":"Circl Mobility"},"content":{"rendered":"\n<p class=\"has-medium-font-size\"><strong>Mobilisez vous, votre corps vous remerciera !<\/strong><\/p>\n\n\n\n<p>Cours de mobilit\u00e9 et souplesse sur des musiques sp\u00e9cifiquement cr\u00e9es pour stimuler votre syst\u00e8me nerveux parasympathique. Am\u00e9lioration de la posture, de la mobilit\u00e9, de l&#8217;amplitude de mouvement, diminution du stress&#8230;<\/p>\n\n\n\n<p>L&#8217;objectif vous sentir mieux au quotidien.<\/p>\n\n\n\n<p>Tous niveaux.<\/p>\n\n\n\n<p>Cours tous les Mercredis 20h15<em> (30 minutes)<\/em> \u00e0 l&#8217;\u00e9cole de danse &#8220;Dance District&#8221; Zone commerciale de la paoute, 34 Trav. de la Paoute, 06130 GRASSE.<\/p>\n\n\n\n<div class=\"wp-block-buttons is-content-justification-center is-layout-flex wp-container-core-buttons-is-layout-16018d1d wp-block-buttons-is-layout-flex\">\n<div class=\"wp-block-button is-style-outline is-style-outline--1\"><a class=\"wp-block-button__link wp-element-button\" href=\"tel:+33783693152\">R\u00e9servation<\/a><\/div>\n<\/div>\n","protected":false},"excerpt":{"rendered":"<p>Mobilisez vous, votre corps vous remerciera ! Cours de mobilit\u00e9 et souplesse sur des musiques sp\u00e9cifiquement cr\u00e9es pour stimuler votre syst\u00e8me nerveux parasympathique. Am\u00e9lioration de la posture, de la mobilit\u00e9, de l&#8217;amplitude de mouvement, diminution du stress&#8230; L&#8217;objectif vous sentir mieux au quotidien. Tous niveaux. Cours tous les Mercredis 20h15 (30 minutes) \u00e0 l&#8217;\u00e9cole de &hellip; <\/p>\n<p class=\"link-more\"><a href=\"https:\/\/fitness-dance.fr\/index.php\/circl-mobility\/\" class=\"more-link\">Continue reading<span class=\"screen-reader-text\"> &#8220;Circl Mobility&#8221;<\/span><\/a><\/p>\n","protected":false},"author":1,"featured_media":286,"parent":0,"menu_order":0,"comment_status":"closed","ping_status":"closed","template":"","meta":{"_eb_attr":"","footnotes":""},"class_list":["post-186","page","type-page","status-publish","has-post-thumbnail","hentry"],"_links":{"self":[{"href":"https:\/\/fitness-dance.fr\/index.php\/wp-json\/wp\/v2\/pages\/186","targetHints":{"allow":["GET"]}}],"collection":[{"href":"https:\/\/fitness-dance.fr\/index.php\/wp-json\/wp\/v2\/pages"}],"about":[{"href":"https:\/\/fitness-dance.fr\/index.php\/wp-json\/wp\/v2\/types\/page"}],"author":[{"embeddable":true,"href":"https:\/\/fitness-dance.fr\/index.php\/wp-json\/wp\/v2\/users\/1"}],"replies":[{"embeddable":true,"href":"https:\/\/fitness-dance.fr\/index.php\/wp-json\/wp\/v2\/comments?post=186"}],"version-history":[{"count":8,"href":"https:\/\/fitness-dance.fr\/index.php\/wp-json\/wp\/v2\/pages\/186\/revisions"}],"predecessor-version":[{"id":450,"href":"https:\/\/fitness-dance.fr\/index.php\/wp-json\/wp\/v2\/pages\/186\/revisions\/450"}],"wp:featuredmedia":[{"embeddable":true,"href":"https:\/\/fitness-dance.fr\/index.php\/wp-json\/wp\/v2\/media\/286"}],"wp:attachment":[{"href":"https:\/\/fitness-dance.fr\/index.php\/wp-json\/wp\/v2\/media?parent=186"}],"curies":[{"name":"wp","href":"https:\/\/api.w.org\/{rel}","templated":true}]}}