{"id":21,"date":"2023-08-25T23:44:00","date_gmt":"2023-08-25T21:44:00","guid":{"rendered":"http:\/\/fitness-dance.fr\/?page_id=21"},"modified":"2025-07-08T15:42:41","modified_gmt":"2025-07-08T13:42:41","slug":"cardio-boxing","status":"publish","type":"page","link":"https:\/\/fitness-dance.fr\/index.php\/cardio-boxing\/","title":{"rendered":"Strong Nation"},"content":{"rendered":"\n<p class=\"has-medium-font-size\"><strong>Quand votre entra\u00eenement est plus fort que jamais !<\/strong><\/p>\n\n\n\n<p>Cours cardio boxing haute intensit\u00e9, synchronis\u00e9 sur des musiques sp\u00e9cialement con\u00e7ues pour vous motiver. Vous d\u00e9velopperez votre endurance, votre tonus musculaire, votre mobilit\u00e9.<\/p>\n\n\n\n<p>Bien qu&#8217;intense ce cours est accessible \u00e0 tous gr\u00e2ce aux options de mouvements propos\u00e9es, alors n&#8217;h\u00e9sitez pas \u00e0 essayer !<\/p>\n\n\n\n<p><\/p>\n\n\n\n<div class=\"wp-block-buttons is-content-justification-center is-layout-flex wp-container-core-buttons-is-layout-16018d1d wp-block-buttons-is-layout-flex\">\n<div class=\"wp-block-button is-style-outline is-style-outline--1\"><a class=\"wp-block-button__link wp-element-button\" href=\"tel:+33783693152\">R\u00e9servation<\/a><\/div>\n<\/div>\n","protected":false},"excerpt":{"rendered":"<p>Quand votre entra\u00eenement est plus fort que jamais ! Cours cardio boxing haute intensit\u00e9, synchronis\u00e9 sur des musiques sp\u00e9cialement con\u00e7ues pour vous motiver. Vous d\u00e9velopperez votre endurance, votre tonus musculaire, votre mobilit\u00e9. Bien qu&#8217;intense ce cours est accessible \u00e0 tous gr\u00e2ce aux options de mouvements propos\u00e9es, alors n&#8217;h\u00e9sitez pas \u00e0 essayer !<\/p>\n","protected":false},"author":1,"featured_media":284,"parent":0,"menu_order":0,"comment_status":"closed","ping_status":"closed","template":"","meta":{"_eb_attr":"","footnotes":""},"class_list":["post-21","page","type-page","status-publish","has-post-thumbnail","hentry"],"_links":{"self":[{"href":"https:\/\/fitness-dance.fr\/index.php\/wp-json\/wp\/v2\/pages\/21","targetHints":{"allow":["GET"]}}],"collection":[{"href":"https:\/\/fitness-dance.fr\/index.php\/wp-json\/wp\/v2\/pages"}],"about":[{"href":"https:\/\/fitness-dance.fr\/index.php\/wp-json\/wp\/v2\/types\/page"}],"author":[{"embeddable":true,"href":"https:\/\/fitness-dance.fr\/index.php\/wp-json\/wp\/v2\/users\/1"}],"replies":[{"embeddable":true,"href":"https:\/\/fitness-dance.fr\/index.php\/wp-json\/wp\/v2\/comments?post=21"}],"version-history":[{"count":8,"href":"https:\/\/fitness-dance.fr\/index.php\/wp-json\/wp\/v2\/pages\/21\/revisions"}],"predecessor-version":[{"id":469,"href":"https:\/\/fitness-dance.fr\/index.php\/wp-json\/wp\/v2\/pages\/21\/revisions\/469"}],"wp:featuredmedia":[{"embeddable":true,"href":"https:\/\/fitness-dance.fr\/index.php\/wp-json\/wp\/v2\/media\/284"}],"wp:attachment":[{"href":"https:\/\/fitness-dance.fr\/index.php\/wp-json\/wp\/v2\/media?parent=21"}],"curies":[{"name":"wp","href":"https:\/\/api.w.org\/{rel}","templated":true}]}}