{"id":22,"date":"2023-08-25T23:44:00","date_gmt":"2023-08-25T21:44:00","guid":{"rendered":"http:\/\/fitness-dance.fr\/?page_id=22"},"modified":"2025-07-08T15:40:22","modified_gmt":"2025-07-08T13:40:22","slug":"coaching","status":"publish","type":"page","link":"https:\/\/fitness-dance.fr\/index.php\/coaching\/","title":{"rendered":"Personal Training"},"content":{"rendered":"\n<p>Coach certifi\u00e9, je mets mes comp\u00e9tences \u00e0 votre disposition pour vous accompagnez dans vos objectifs. Musculation, renforcement musculaire, perte de poids, stretching, cardio training&#8230; en personal training, avec votre bin\u00f4me pr\u00e9f\u00e9r\u00e9 ou en small-group. <\/p>\n\n\n\n<p>Certifi\u00e9e dans l&#8217;accompagnement des femmes enceintes et de la reprise post-partum, je vous suis tout au long de ce moment incroyable qui n&#8217;est pas un frein \u00e0 l&#8217;activit\u00e9 physique !<\/p>\n\n\n\n<p>Dynamique, positive et \u00e0 l&#8217;\u00e9coute, je sais m&#8217;adapter \u00e0 vos besoins, votre niveau, je suis l\u00e0 pour vous motiver et vous accompagner afin que vous vous r\u00e9alisiez. <\/p>\n\n\n\n<p>Que vous pr\u00e9f\u00e9riez vous entrainez chez vous, en ext\u00e9rieur ou bien dans votre salle Fitness Park tout est possible.<\/p>\n\n\n\n<p>Mon but vous aidez \u00e0 vous sentir mieux dans votre corps et votre esprit !<\/p>\n\n\n\n<p>Alors n&#8217;h\u00e9sitez plus et faites de vous une priorit\u00e9 !<\/p>\n\n\n\n<p><\/p>\n\n\n\n<div class=\"wp-block-buttons is-content-justification-center is-layout-flex wp-container-core-buttons-is-layout-16018d1d wp-block-buttons-is-layout-flex\">\n<div class=\"wp-block-button is-style-outline is-style-outline--1\"><a class=\"wp-block-button__link wp-element-button\" href=\"tel:+33783693152\">R\u00e9servation<\/a><\/div>\n<\/div>\n","protected":false},"excerpt":{"rendered":"<p>Coach certifi\u00e9, je mets mes comp\u00e9tences \u00e0 votre disposition pour vous accompagnez dans vos objectifs. Musculation, renforcement musculaire, perte de poids, stretching, cardio training&#8230; en personal training, avec votre bin\u00f4me pr\u00e9f\u00e9r\u00e9 ou en small-group. Certifi\u00e9e dans l&#8217;accompagnement des femmes enceintes et de la reprise post-partum, je vous suis tout au long de ce moment incroyable &hellip; <\/p>\n<p class=\"link-more\"><a href=\"https:\/\/fitness-dance.fr\/index.php\/coaching\/\" class=\"more-link\">Continue reading<span class=\"screen-reader-text\"> &#8220;Personal Training&#8221;<\/span><\/a><\/p>\n","protected":false},"author":1,"featured_media":447,"parent":0,"menu_order":0,"comment_status":"closed","ping_status":"closed","template":"","meta":{"_eb_attr":"","footnotes":""},"class_list":["post-22","page","type-page","status-publish","has-post-thumbnail","hentry"],"_links":{"self":[{"href":"https:\/\/fitness-dance.fr\/index.php\/wp-json\/wp\/v2\/pages\/22","targetHints":{"allow":["GET"]}}],"collection":[{"href":"https:\/\/fitness-dance.fr\/index.php\/wp-json\/wp\/v2\/pages"}],"about":[{"href":"https:\/\/fitness-dance.fr\/index.php\/wp-json\/wp\/v2\/types\/page"}],"author":[{"embeddable":true,"href":"https:\/\/fitness-dance.fr\/index.php\/wp-json\/wp\/v2\/users\/1"}],"replies":[{"embeddable":true,"href":"https:\/\/fitness-dance.fr\/index.php\/wp-json\/wp\/v2\/comments?post=22"}],"version-history":[{"count":10,"href":"https:\/\/fitness-dance.fr\/index.php\/wp-json\/wp\/v2\/pages\/22\/revisions"}],"predecessor-version":[{"id":467,"href":"https:\/\/fitness-dance.fr\/index.php\/wp-json\/wp\/v2\/pages\/22\/revisions\/467"}],"wp:featuredmedia":[{"embeddable":true,"href":"https:\/\/fitness-dance.fr\/index.php\/wp-json\/wp\/v2\/media\/447"}],"wp:attachment":[{"href":"https:\/\/fitness-dance.fr\/index.php\/wp-json\/wp\/v2\/media?parent=22"}],"curies":[{"name":"wp","href":"https:\/\/api.w.org\/{rel}","templated":true}]}}