{"id":406,"date":"2024-09-19T12:37:57","date_gmt":"2024-09-19T10:37:57","guid":{"rendered":"https:\/\/fitness-dance.fr\/?page_id=406"},"modified":"2025-07-08T15:44:38","modified_gmt":"2025-07-08T13:44:38","slug":"vos-evenements-2","status":"publish","type":"page","link":"https:\/\/fitness-dance.fr\/index.php\/vos-evenements-2\/","title":{"rendered":"Vos Ev\u00e8nements"},"content":{"rendered":"\n<p class=\"has-medium-font-size\"><strong>En groupe on est plus fort et on va plus loin !<\/strong><\/p>\n\n\n\n<p>Une id\u00e9e originale pour la coh\u00e9sion d&#8217;\u00e9quipe, pour une activit\u00e9 physique et ludique, je vous propose mes services : une s\u00e9ance de Zumba\u00ae pour la convivialit\u00e9, de Strong Nation\u2122 pour les warriors, de Stretching, de Mobilit\u00e9 ou de Yin Yoga pour se ressourcer, ou bien un Circuit training pour se challenger tous ensemble, \u00e0 vous de choisir !!<\/p>\n\n\n\n<p>Enterrement de vie de jeune fille ou gar\u00e7on, Team building entreprise, Anniversaires &#8230;<\/p>\n\n\n\n<p>Contactez moi pour plus d&#8217;information.<\/p>\n\n\n\n<div class=\"wp-block-buttons is-content-justification-center is-layout-flex wp-container-core-buttons-is-layout-16018d1d wp-block-buttons-is-layout-flex\">\n<div class=\"wp-block-button is-style-outline is-style-outline--1\"><a class=\"wp-block-button__link wp-element-button\" href=\"tel:+33783693152\">R\u00e9servation<\/a><\/div>\n<\/div>\n","protected":false},"excerpt":{"rendered":"<p>En groupe on est plus fort et on va plus loin ! Une id\u00e9e originale pour la coh\u00e9sion d&#8217;\u00e9quipe, pour une activit\u00e9 physique et ludique, je vous propose mes services : une s\u00e9ance de Zumba\u00ae pour la convivialit\u00e9, de Strong Nation\u2122 pour les warriors, de Stretching, de Mobilit\u00e9 ou de Yin Yoga pour se ressourcer, &hellip; <\/p>\n<p class=\"link-more\"><a href=\"https:\/\/fitness-dance.fr\/index.php\/vos-evenements-2\/\" class=\"more-link\">Continue reading<span class=\"screen-reader-text\"> &#8220;Vos Ev\u00e8nements&#8221;<\/span><\/a><\/p>\n","protected":false},"author":1,"featured_media":426,"parent":0,"menu_order":0,"comment_status":"closed","ping_status":"closed","template":"","meta":{"_eb_attr":"","footnotes":""},"class_list":["post-406","page","type-page","status-publish","has-post-thumbnail","hentry"],"_links":{"self":[{"href":"https:\/\/fitness-dance.fr\/index.php\/wp-json\/wp\/v2\/pages\/406","targetHints":{"allow":["GET"]}}],"collection":[{"href":"https:\/\/fitness-dance.fr\/index.php\/wp-json\/wp\/v2\/pages"}],"about":[{"href":"https:\/\/fitness-dance.fr\/index.php\/wp-json\/wp\/v2\/types\/page"}],"author":[{"embeddable":true,"href":"https:\/\/fitness-dance.fr\/index.php\/wp-json\/wp\/v2\/users\/1"}],"replies":[{"embeddable":true,"href":"https:\/\/fitness-dance.fr\/index.php\/wp-json\/wp\/v2\/comments?post=406"}],"version-history":[{"count":6,"href":"https:\/\/fitness-dance.fr\/index.php\/wp-json\/wp\/v2\/pages\/406\/revisions"}],"predecessor-version":[{"id":470,"href":"https:\/\/fitness-dance.fr\/index.php\/wp-json\/wp\/v2\/pages\/406\/revisions\/470"}],"wp:featuredmedia":[{"embeddable":true,"href":"https:\/\/fitness-dance.fr\/index.php\/wp-json\/wp\/v2\/media\/426"}],"wp:attachment":[{"href":"https:\/\/fitness-dance.fr\/index.php\/wp-json\/wp\/v2\/media?parent=406"}],"curies":[{"name":"wp","href":"https:\/\/api.w.org\/{rel}","templated":true}]}}